{"id":21,"date":"2026-02-03T22:15:21","date_gmt":"2026-02-03T22:15:21","guid":{"rendered":"https:\/\/tsokolowski.pl\/?page_id=21"},"modified":"2026-02-15T13:28:14","modified_gmt":"2026-02-15T13:28:14","slug":"projektory-slajdow","status":"publish","type":"page","link":"https:\/\/tsokolowski.pl\/en\/projektory-slajdow\/","title":{"rendered":"Slide projectors"},"content":{"rendered":"<div class=\"wp-block-essential-blocks-advanced-image  root-eb-advanced-image-2zqm9\"><div class=\"eb-parent-wrapper eb-parent-eb-advanced-image-2zqm9\"><figure class=\"eb-advanced-image-wrapper eb-advanced-image-2zqm9 no-effect\" data-id=\"eb-advanced-image-2zqm9\"><div class=\"eb-image-wrapper\"><div class=\"eb-image-wrapper-inner eb-img-style-rounded\"><img decoding=\"async\" src=\"https:\/\/tsokolowski.pl\/wp-content\/uploads\/2026\/02\/gwiazdka-1024x768.jpg\" alt=\"\"\/><\/div><\/div><\/figure><\/div><\/div>\n\n\n\n<p class=\"has-text-align-justify has-text-align-justify\">In the summer of 2024, as part of the Photography Review in Soko\u0142owsko, I had the opportunity to experience a unique adventure during workshops led by Aga Jarz\u0105b and Maciek B\u0105czyk \u2013 the Kino Manual duo.<\/p>\n\n\n\n<p class=\"has-text-align-justify has-text-align-justify\">If you have never heard of their work, be sure to visit their website and social media, where they share their current projects and events:<\/p>\n\n\n\n<div class=\"wp-block-essential-blocks-button  root-eb-button-l1xqn\"><div class=\"eb-parent-wrapper eb-parent-eb-button-l1xqn\"><div class=\"eb-button-wrapper eb-button-alignment eb-button-l1xqn\"><div class=\"eb-button\"><div class=\"eb-button-inner-wrapper\"><a class=\"eb-button-anchor\" href=\"https:\/\/kinomanual.pl\/\" target=\"_blank\" rel=\"noopener\">Kino Manual - website<\/a><\/div><\/div><\/div><\/div><\/div>\n\n\n\n<p class=\"has-text-align-justify has-text-align-justify\">Apart from being introduced to the extraordinary world of slide projectors and their creative use, I had the opportunity to stand on the balcony of the Zdrowie Cinema in Soko\u0142owsko during the projection of a diaporama containing photographs taken during the Review.<\/p>\n\n\n\n<p class=\"has-text-align-justify has-text-align-justify\">I was completely swept up in the excitement of performing on stage\u2014feelings I'd last experienced years ago, when I was pretending to be a bass player in a band, now resurfaced. I discovered that photography can be a performative art.<\/p>\n\n\n\n<p class=\"has-text-align-center is-style-default has-small-font-size\" style=\"margin-top:var(--wp--preset--spacing--30);margin-right:-5px;margin-bottom:0;margin-left:0;padding-top:0;padding-right:0;padding-bottom:0;padding-left:0\">(photographs below: Piotr Nied\u017awied\u017a)<\/p>\n\n\n\n<div class=\"wp-block-essential-blocks-image-gallery  root-eb-image-gallery-45peb\"><div class=\"eb-parent-wrapper eb-parent-eb-image-gallery-45peb\"><div class=\"eb-gallery-img-wrapper eb-image-gallery-45peb default v2 grid null enable-isotope   overlay-bottom caption-style-0\" data-id=\"eb-image-gallery-45peb\" data-searchfilter=\"false\"><a href=\"https:\/\/tsokolowski.pl\/wp-content\/uploads\/2026\/02\/sokolowsko24_1.jpg\" rel=\"noopener\" data-fslightbox=\"gallery\" data-type=\"image\" class=\"eb-gallery-img-content  eb-filter-img-filter-item-1\"><span class=\"eb-gallery-link-wrapper\"><img decoding=\"async\" class=\"eb-gallery-img\" src=\"https:\/\/tsokolowski.pl\/wp-content\/uploads\/2026\/02\/sokolowsko24_1.jpg\" image-index=\"0\" alt=\"\"\/><span class=\"eb-img-gallery-content center bottom\"><\/span><\/span><\/a><a href=\"https:\/\/tsokolowski.pl\/wp-content\/uploads\/2026\/02\/sokolowsko24_2.jpg\" rel=\"noopener\" data-fslightbox=\"gallery\" data-type=\"image\" class=\"eb-gallery-img-content  eb-filter-img-\"><span class=\"eb-gallery-link-wrapper\"><img decoding=\"async\" class=\"eb-gallery-img\" src=\"https:\/\/tsokolowski.pl\/wp-content\/uploads\/2026\/02\/sokolowsko24_2.jpg\" image-index=\"1\" alt=\"\"\/><span class=\"eb-img-gallery-content center bottom\"><\/span><\/span><\/a><a href=\"https:\/\/tsokolowski.pl\/wp-content\/uploads\/2026\/02\/sokolowsko24_3.jpg\" rel=\"noopener\" data-fslightbox=\"gallery\" data-type=\"image\" class=\"eb-gallery-img-content  eb-filter-img-filter-item-1\"><span class=\"eb-gallery-link-wrapper\"><img decoding=\"async\" class=\"eb-gallery-img\" src=\"https:\/\/tsokolowski.pl\/wp-content\/uploads\/2026\/02\/sokolowsko24_3.jpg\" image-index=\"2\" alt=\"\"\/><span class=\"eb-img-gallery-content center bottom\"><\/span><\/span><\/a><a href=\"https:\/\/tsokolowski.pl\/wp-content\/uploads\/2026\/02\/sokolowsko24_4.jpg\" rel=\"noopener\" data-fslightbox=\"gallery\" data-type=\"image\" class=\"eb-gallery-img-content  eb-filter-img-\"><span class=\"eb-gallery-link-wrapper\"><img decoding=\"async\" class=\"eb-gallery-img\" src=\"https:\/\/tsokolowski.pl\/wp-content\/uploads\/2026\/02\/sokolowsko24_4.jpg\" image-index=\"3\" alt=\"\"\/><span class=\"eb-img-gallery-content center bottom\"><\/span><\/span><\/a><\/div><\/div><\/div>\n\n\n\n<p class=\"has-text-align-justify has-text-align-justify\">Some time later, we began working together, combining my technical expertise with the ideas and needs of the Kino Manual duo. It all started with an idea: \"What if we could replace outdated, hard-to-find projector bulbs with newer equivalents?\" Over the time, we modified and improved various projectors\u2014not just changing bulbs, but adding cooling systems, microcontroller-controlled stepper motors, and creating an entire power supply and brightness control system that I tried to adapt to the needs of installations and performances.<\/p>\n\n\n\n<div class=\"wp-block-essential-blocks-image-gallery  root-eb-image-gallery-ujf6r\"><div class=\"eb-parent-wrapper eb-parent-eb-image-gallery-ujf6r\"><div class=\"eb-gallery-img-wrapper eb-image-gallery-ujf6r default v2 grid null enable-isotope   overlay-bottom caption-style-0\" data-id=\"eb-image-gallery-ujf6r\" data-searchfilter=\"false\"><a href=\"https:\/\/tsokolowski.pl\/wp-content\/uploads\/2026\/02\/prado250_2-scaled.jpg\" rel=\"noopener\" data-fslightbox=\"gallery\" data-type=\"image\" class=\"eb-gallery-img-content  eb-filter-img-filter-item-1\"><span class=\"eb-gallery-link-wrapper\"><img decoding=\"async\" class=\"eb-gallery-img\" src=\"https:\/\/tsokolowski.pl\/wp-content\/uploads\/2026\/02\/prado250_2-scaled.jpg\" image-index=\"0\" alt=\"\"\/><span class=\"eb-img-gallery-content center bottom\"><\/span><\/span><\/a><a href=\"https:\/\/tsokolowski.pl\/wp-content\/uploads\/2026\/02\/prado250_1-scaled.jpg\" rel=\"noopener\" data-fslightbox=\"gallery\" data-type=\"image\" class=\"eb-gallery-img-content  eb-filter-img-\"><span class=\"eb-gallery-link-wrapper\"><img decoding=\"async\" class=\"eb-gallery-img\" src=\"https:\/\/tsokolowski.pl\/wp-content\/uploads\/2026\/02\/prado250_1-scaled.jpg\" image-index=\"1\" alt=\"\"\/><span class=\"eb-img-gallery-content center bottom\"><\/span><\/span><\/a><a href=\"https:\/\/tsokolowski.pl\/wp-content\/uploads\/2026\/02\/diaprex1-scaled.jpg\" rel=\"noopener\" data-fslightbox=\"gallery\" data-type=\"image\" class=\"eb-gallery-img-content  eb-filter-img-filter-item-1\"><span class=\"eb-gallery-link-wrapper\"><img decoding=\"async\" class=\"eb-gallery-img\" src=\"https:\/\/tsokolowski.pl\/wp-content\/uploads\/2026\/02\/diaprex1-scaled.jpg\" image-index=\"2\" alt=\"\"\/><span class=\"eb-img-gallery-content center bottom\"><\/span><\/span><\/a><a href=\"https:\/\/tsokolowski.pl\/wp-content\/uploads\/2026\/02\/diaprex2-scaled.jpg\" rel=\"noopener\" data-fslightbox=\"gallery\" data-type=\"image\" class=\"eb-gallery-img-content  eb-filter-img-\"><span class=\"eb-gallery-link-wrapper\"><img decoding=\"async\" class=\"eb-gallery-img\" src=\"https:\/\/tsokolowski.pl\/wp-content\/uploads\/2026\/02\/diaprex2-scaled.jpg\" image-index=\"3\" alt=\"\"\/><span class=\"eb-img-gallery-content center bottom\"><\/span><\/span><\/a><\/div><\/div><\/div>\n\n\n\n<p class=\"has-text-align-justify has-text-align-justify\">We decided to make all the technical details of the modifications made public so that anyone interested can use them to improve their old slide projectors, giving them a second life and encouraging analog imaging enthusiasts to try their hand at creating slide shows, installations and diaporamas.<\/p>\n\n\n\n<p class=\"has-text-align-justify has-text-align-justify\">The link below provides a repository on Github.com where all the knowledge related to the project has been collected: <\/p>\n\n\n\n<div class=\"wp-block-essential-blocks-button  root-eb-button-rky26\"><div class=\"eb-parent-wrapper eb-parent-eb-button-rky26\"><div class=\"eb-button-wrapper eb-button-alignment eb-button-rky26\"><div class=\"eb-button\"><div class=\"eb-button-inner-wrapper\"><a class=\"eb-button-anchor\" href=\"https:\/\/github.com\/sokol07\/ProjectorsRetrofitsAndUpgrades\" target=\"_blank\" rel=\"noopener\">Github repository<\/a><\/div><\/div><\/div><\/div><\/div>\n\n\n\n<p class=\"has-text-align-justify has-text-align-justify\">As the project develops and new devices appear, the knowledge stored in the repository will be expanded and updated.<\/p>\n\n\n\n<p class=\"has-text-align-justify has-text-align-justify\">If you have any questions or suggestions regarding this project, I would love to hear them!<\/p>\n\n\n\n<div class=\"wp-block-essential-blocks-button  root-eb-button-kh7yq\"><div class=\"eb-parent-wrapper eb-parent-eb-button-kh7yq\"><div class=\"eb-button-wrapper eb-button-alignment eb-button-kh7yq\"><div class=\"eb-button\"><div class=\"eb-button-inner-wrapper\"><a class=\"eb-button-anchor\" href=\"https:\/\/tsokolowski.pl\/en\/kontakt-i-linki\/\" target=\"_blank\" rel=\"noopener\">Contact with me<\/a><\/div><\/div><\/div><\/div><\/div>\n\n\n\n<p><\/p>","protected":false},"excerpt":{"rendered":"<p>Latem 2024, w ramach Pleneru i Przegl\u0105du Fotografii w Soko\u0142owsku, mia\u0142em okazj\u0119 prze\u017cy\u0107 niepowtarzaln\u0105 przygod\u0119 podczas warsztat\u00f3w prowadzonych przez Ag\u0119 Jarz\u0105b i Ma\u0107ka B\u0105czyka &#8211; duet Kino Manual. Je\u015bli nigdy nie s\u0142yszeli\u015bcie o ich dzia\u0142alno\u015bci koniecznie odwied\u017acie ich stron\u0119 internetow\u0105 i social media, gdzie dziel\u0105 si\u0119 bie\u017c\u0105cymi projektami i wydarzeniami: Poza wprowadzeniem w niezwyk\u0142y \u015bwiat [&hellip;]<\/p>\n","protected":false},"author":1,"featured_media":0,"parent":0,"menu_order":0,"comment_status":"closed","ping_status":"closed","template":"page-no-title","meta":{"_eb_attr":"","footnotes":""},"class_list":["post-21","page","type-page","status-publish","hentry"],"_links":{"self":[{"href":"https:\/\/tsokolowski.pl\/en\/wp-json\/wp\/v2\/pages\/21","targetHints":{"allow":["GET"]}}],"collection":[{"href":"https:\/\/tsokolowski.pl\/en\/wp-json\/wp\/v2\/pages"}],"about":[{"href":"https:\/\/tsokolowski.pl\/en\/wp-json\/wp\/v2\/types\/page"}],"author":[{"embeddable":true,"href":"https:\/\/tsokolowski.pl\/en\/wp-json\/wp\/v2\/users\/1"}],"replies":[{"embeddable":true,"href":"https:\/\/tsokolowski.pl\/en\/wp-json\/wp\/v2\/comments?post=21"}],"version-history":[{"count":7,"href":"https:\/\/tsokolowski.pl\/en\/wp-json\/wp\/v2\/pages\/21\/revisions"}],"predecessor-version":[{"id":272,"href":"https:\/\/tsokolowski.pl\/en\/wp-json\/wp\/v2\/pages\/21\/revisions\/272"}],"wp:attachment":[{"href":"https:\/\/tsokolowski.pl\/en\/wp-json\/wp\/v2\/media?parent=21"}],"curies":[{"name":"wp","href":"https:\/\/api.w.org\/{rel}","templated":true}]}}